{"id":9,"date":"2025-12-08T22:14:20","date_gmt":"2025-12-08T22:14:20","guid":{"rendered":"https:\/\/coolcircu.ppl24.cloud\/?page_id=9"},"modified":"2025-12-08T23:49:31","modified_gmt":"2025-12-08T23:49:31","slug":"home","status":"publish","type":"page","link":"https:\/\/coolcircu.ppl24.cloud\/","title":{"rendered":"Home"},"content":{"rendered":"<div class=\"et_pb_section_0 et_pb_section et_section_regular et_flex_section\">\n<div class=\"et_pb_row_0 et_pb_row et_flex_row\">\n<div class=\"et_pb_column_0 et_pb_column et-last-child et_flex_column et_pb_css_mix_blend_mode_passthrough et_flex_column_24_24\">\n<div class=\"et_pb_slider_0 et_pb_slider et_pb_slider_fullwidth_off et_pb_slider_no_pagination et_pb_module et_flex_module\"><div class=\"et_pb_slides\">\n<div class=\"et_pb_slide_0 et_pb_slide et_pb_slide_with_image et_pb_media_alignment_center et_pb_bg_layout_dark\" data-slide-id=\"divi\/slide-0\"><div class=\"et_pb_container\"><div class=\"et_pb_slider_container_inner\"><div class=\"et_pb_slide_image\"><img loading=\"lazy\" decoding=\"async\" src=\"https:\/\/coolcircu.ppl24.cloud\/wp-content\/uploads\/2025\/12\/Coffee_Shop_13.jpg\" width=\"800\" height=\"1020\" srcset=\"https:\/\/coolcircu.ppl24.cloud\/wp-content\/uploads\/2025\/12\/Coffee_Shop_13.jpg 800w, https:\/\/coolcircu.ppl24.cloud\/wp-content\/uploads\/2025\/12\/Coffee_Shop_13-480x612.jpg 480w\" sizes=\"(min-width: 0px) and (max-width: 480px) 480px, (min-width: 481px) 800px, 100vw\" class=\"wp-image-25\" title=\"Coffee_Shop_13\" \/><\/div><div class=\"et_pb_slide_description et_flex_module\"><h2 class=\"et_pb_slide_title\">Your Title Goes Here<\/h2><div class=\"et_pb_slide_content\"><p>Your content goes here. Edit or remove this text inline or in the module Content settings. You can also style every aspect of this content in the module Design settings and even apply custom CSS to this text in the module Advanced settings.<\/p>\n<\/div><div class=\"et_pb_button_wrapper\"><a class=\"et_pb_button et_pb_more_button\" href=\"#\">Click Here<\/a><\/div><\/div><\/div><\/div><\/div>\n\n<div class=\"et_pb_slide_1 et_pb_slide et_pb_media_alignment_center et_pb_bg_layout_dark\" data-slide-id=\"divi\/slide-1\"><div class=\"et_pb_container\"><div class=\"et_pb_slider_container_inner\"><div class=\"et_pb_slide_description et_flex_module\"><h2 class=\"et_pb_slide_title\">Your Title Goes Here<\/h2><div class=\"et_pb_slide_content\"><p>Your content goes here. Edit or remove this text inline or in the module Content settings. You can also style every aspect of this content in the module Design settings and even apply custom CSS to this text in the module Advanced settings.<\/p>\n<\/div><div class=\"et_pb_button_wrapper\"><a class=\"et_pb_button et_pb_more_button\" href=\"#\">Click Here<\/a><\/div><\/div><\/div><\/div><\/div>\n<\/div><\/div>\n<\/div>\n<\/div>\n<\/div>\n\n<div class=\"et_pb_section_1 et_pb_section et_section_regular et_block_section\">\n<div class=\"et_pb_row_1 et_pb_row et_pb_gutters2 et_block_row\">\n<div class=\"et_pb_column_1 et_pb_column et_pb_column_1_3 et_block_column et_pb_css_mix_blend_mode_passthrough\">\n<div class=\"et_pb_image_0 et_pb_image et_pb_module et_block_module\"><span class=\"et_pb_image_wrap\"><img loading=\"lazy\" decoding=\"async\" src=\"https:\/\/coolcircu.ppl24.cloud\/wp-content\/uploads\/2025\/12\/Coffee_Shop_13.jpg\" width=\"800\" height=\"1020\" srcset=\"https:\/\/coolcircu.ppl24.cloud\/wp-content\/uploads\/2025\/12\/Coffee_Shop_13.jpg 800w, https:\/\/coolcircu.ppl24.cloud\/wp-content\/uploads\/2025\/12\/Coffee_Shop_13-480x612.jpg 480w\" sizes=\"(min-width: 0px) and (max-width: 480px) 480px, (min-width: 481px) 800px, 100vw\" class=\"wp-image-25\" title=\"Coffee_Shop_13\" \/><\/span><\/div>\n<\/div>\n\n<div class=\"et_pb_column_2 et_pb_column et_pb_column_1_3 et_block_column et_pb_css_mix_blend_mode_passthrough\">\n<div class=\"et_pb_image_1 et_pb_image et_pb_module et_block_module\"><span class=\"et_pb_image_wrap\"><img loading=\"lazy\" decoding=\"async\" src=\"https:\/\/coolcircu.ppl24.cloud\/wp-content\/uploads\/2025\/12\/Coffee_Shop_14.jpg\" width=\"800\" height=\"1020\" srcset=\"https:\/\/coolcircu.ppl24.cloud\/wp-content\/uploads\/2025\/12\/Coffee_Shop_14.jpg 800w, https:\/\/coolcircu.ppl24.cloud\/wp-content\/uploads\/2025\/12\/Coffee_Shop_14-480x612.jpg 480w\" sizes=\"(min-width: 0px) and (max-width: 480px) 480px, (min-width: 481px) 800px, 100vw\" class=\"wp-image-26\" title=\"Coffee_Shop_14\" \/><\/span><\/div>\n<\/div>\n\n<div class=\"et_pb_column_3 et_pb_column et_pb_column_1_3 et-last-child et_block_column et_pb_css_mix_blend_mode_passthrough\">\n<div class=\"et_pb_image_2 et_pb_image et_pb_module et_block_module\"><span class=\"et_pb_image_wrap\"><img loading=\"lazy\" decoding=\"async\" src=\"https:\/\/coolcircu.ppl24.cloud\/wp-content\/uploads\/2025\/12\/Coffee_Shop_15.jpg\" width=\"800\" height=\"1020\" srcset=\"https:\/\/coolcircu.ppl24.cloud\/wp-content\/uploads\/2025\/12\/Coffee_Shop_15.jpg 800w, https:\/\/coolcircu.ppl24.cloud\/wp-content\/uploads\/2025\/12\/Coffee_Shop_15-480x612.jpg 480w\" sizes=\"(min-width: 0px) and (max-width: 480px) 480px, (min-width: 481px) 800px, 100vw\" class=\"wp-image-27\" title=\"Coffee_Shop_15\" \/><\/span><\/div>\n<\/div>\n<\/div>\n\n<div class=\"et_pb_row_2 et_pb_row et_pb_row_3-4_1-4 et_pb_gutters3 et_block_row\">\n<div class=\"et_pb_column_4 et_pb_column et_pb_column_3_4 et_block_column et_pb_css_mix_blend_mode_passthrough\">\n<div class=\"et_pb_heading_0 et_pb_heading et_pb_module et_block_module preset--module--divi-heading--1e32dbff-cc61-4cda-b68a-39243c406d98\"><div class=\"et_pb_heading_container\"><h2 class=\"et_pb_module_header\">Divi Coffee Co. Where Every Sip Counts<\/h2><\/div><\/div>\n<\/div>\n\n<div class=\"et_pb_column_5 et_pb_column et_pb_column_1_4 et-last-child et_block_column et_pb_css_mix_blend_mode_passthrough\">\n<div class=\"et_pb_module et_pb_button_module_wrapper et_pb_button_0_wrapper preset--module--divi-button--default_wrapper\"><a class=\"et_pb_button_0 et_pb_button et_pb_bg_layout_light et_pb_module et_block_module preset--module--divi-button--default\" href=\"\" data-icon=\"$\">Order Ahead<\/a><\/div>\n<\/div>\n<\/div>\n\n<div class=\"et_pb_row_3 et_pb_row et_pb_gutters3 et_block_row\">\n<div class=\"et_pb_column_6 et_pb_column et_pb_column_1_3 et_block_column et_pb_css_mix_blend_mode_passthrough\">\n<div class=\"et_pb_icon_0 et_pb_icon et_pb_module et_block_module\"><span class=\"et_pb_icon_wrap\"><span class=\"et-pb-icon\">\uf7b6<\/span><\/span><\/div>\n\n<div class=\"et_pb_heading_1 et_pb_heading et_pb_module et_block_module preset--module--divi-heading--1fb580a8-7a1b-4bf8-b381-a2dd8dc03085\"><div class=\"et_pb_heading_container\"><h4 class=\"et_pb_module_header\">Roasting<\/h4><\/div><\/div>\n\n<div class=\"et_pb_text_0 et_pb_text et_pb_bg_layout_light et_pb_module et_block_module preset--module--divi-text--a0aaf0e7-bae1-4d8d-993b-79dfbbfaf96b\"><div class=\"et_pb_text_inner\"><p><span>Lorem ipsum dolor sit amet consectetur adipiscing elit urna aliquam, dictum tellus ante lacus sollicitudin penatibus feugiat pharetra, mus cursus dui sociosqu nec augue neque nibh.\u00a0<\/span><\/p>\n<\/div><\/div>\n<\/div>\n\n<div class=\"et_pb_column_7 et_pb_column et_pb_column_1_3 et_block_column et_pb_css_mix_blend_mode_passthrough\">\n<div class=\"et_pb_icon_1 et_pb_icon et_pb_module et_block_module\"><span class=\"et_pb_icon_wrap\"><span class=\"et-pb-icon\">\uf299<\/span><\/span><\/div>\n\n<div class=\"et_pb_heading_2 et_pb_heading et_pb_module et_block_module preset--module--divi-heading--1fb580a8-7a1b-4bf8-b381-a2dd8dc03085\"><div class=\"et_pb_heading_container\"><h4 class=\"et_pb_module_header\">Sourcing<\/h4><\/div><\/div>\n\n<div class=\"et_pb_text_1 et_pb_text et_pb_bg_layout_light et_pb_module et_block_module preset--module--divi-text--a0aaf0e7-bae1-4d8d-993b-79dfbbfaf96b\"><div class=\"et_pb_text_inner\"><p><span>Lorem ipsum dolor sit amet consectetur adipiscing elit urna aliquam, dictum tellus ante lacus sollicitudin penatibus feugiat pharetra, mus cursus dui sociosqu nec augue neque nibh.\u00a0<\/span><\/p>\n<\/div><\/div>\n<\/div>\n\n<div class=\"et_pb_column_8 et_pb_column et_pb_column_1_3 et-last-child et_block_column et_pb_css_mix_blend_mode_passthrough\">\n<div class=\"et_pb_icon_2 et_pb_icon et_pb_module et_block_module\"><span class=\"et_pb_icon_wrap\"><span class=\"et-pb-icon\">\uf0c0<\/span><\/span><\/div>\n\n<div class=\"et_pb_heading_3 et_pb_heading et_pb_module et_block_module preset--module--divi-heading--1fb580a8-7a1b-4bf8-b381-a2dd8dc03085\"><div class=\"et_pb_heading_container\"><h4 class=\"et_pb_module_header\">Community<\/h4><\/div><\/div>\n\n<div class=\"et_pb_text_2 et_pb_text et_pb_bg_layout_light et_pb_module et_block_module preset--module--divi-text--a0aaf0e7-bae1-4d8d-993b-79dfbbfaf96b\"><div class=\"et_pb_text_inner\"><p><span>Lorem ipsum dolor sit amet consectetur adipiscing elit urna aliquam, dictum tellus ante lacus sollicitudin penatibus feugiat pharetra, mus cursus dui sociosqu nec augue neque nibh.\u00a0<\/span><\/p>\n<\/div><\/div>\n<\/div>\n<\/div>\n<\/div>\n\n<div class=\"et_pb_section_2 et_pb_section et_section_regular et_block_section et_pb_section_parallax\"><span class=\"et-pb-parallax-wrapper\"><span class=\"et-pb-parallax-background et-pb-parallax-background-module--divi-section-2\" style=\"background-image:url(https:\/\/coolcircu.ppl24.cloud\/wp-content\/uploads\/2025\/12\/caffee_shop_08.jpg)\"><\/span><\/span>\n<div class=\"et_pb_row_4 et_pb_row et_pb_gutters3 et_block_row\">\n<div class=\"et_pb_column_9 et_pb_column et_pb_column_1_2 et_block_column et_pb_css_mix_blend_mode_passthrough\">\n<div class=\"et_pb_heading_4 et_pb_heading et_pb_module et_block_module preset--module--divi-heading--8554b199-899a-484d-b261-a1534f2d40ee\"><div class=\"et_pb_heading_container\"><h2 class=\"et_pb_module_header\">Find Us<\/h2><\/div><\/div>\n\n<div class=\"et_pb_heading_5 et_pb_heading et_pb_module et_block_module preset--module--divi-heading--504dd8cd-0e26-4d17-b443-1ced96588015\"><div class=\"et_pb_heading_container\"><h4 class=\"et_pb_module_header\">Where<\/h4><\/div><\/div>\n\n<div class=\"et_pb_text_3 et_pb_text et_pb_bg_layout_light et_pb_module et_block_module preset--module--divi-text--a71cc9f2-eb1a-434a-a395-72c39b25eb3a\"><div class=\"et_pb_text_inner\"><p>1234 Divi St. #1000<br \/>San Francisco, CA 94220<\/p>\n<\/div><\/div>\n\n<div class=\"et_pb_heading_6 et_pb_heading et_pb_module et_block_module preset--module--divi-heading--504dd8cd-0e26-4d17-b443-1ced96588015\"><div class=\"et_pb_heading_container\"><h4 class=\"et_pb_module_header\">When<\/h4><\/div><\/div>\n\n<div class=\"et_pb_text_4 et_pb_text et_pb_bg_layout_light et_pb_module et_block_module preset--module--divi-text--a71cc9f2-eb1a-434a-a395-72c39b25eb3a\"><div class=\"et_pb_text_inner\"><p>Everyday<br \/>8am &#8211; 9pm<\/p>\n<\/div><\/div>\n\n<div class=\"et_pb_module et_pb_button_module_wrapper et_pb_button_1_wrapper preset--module--divi-button--59cbef0b-1b41-4dde-b5d5-963b4f7711a7_wrapper\"><a class=\"et_pb_button_1 et_pb_button et_pb_bg_layout_light et_pb_module et_block_module preset--module--divi-button--59cbef0b-1b41-4dde-b5d5-963b4f7711a7\" href=\"\" data-icon=\"$\">Get Directions<\/a><\/div>\n<\/div>\n\n<div class=\"et_pb_column_10 et_pb_column et_pb_column_1_2 et-last-child et_block_column et_pb_column_empty et_pb_css_mix_blend_mode_passthrough\"><\/div>\n<\/div>\n<\/div>\n\n<div class=\"et_pb_section_3 et_pb_section et_section_regular et_block_section\">\n<div class=\"et_pb_row_5 et_pb_row et_pb_row_4col et_pb_gutters2 et_block_row\">\n<div class=\"et_pb_column_11 et_pb_column et_pb_column_1_4 et_block_column et_pb_css_mix_blend_mode_passthrough\">\n<div class=\"et_pb_image_3 et_pb_image et_pb_has_overlay et_pb_module et_block_module\"><a href=\"https:\/\/coolcircu.ppl24.cloud\/wp-content\/uploads\/2025\/12\/caffee_shop_01.jpg\" class=\"et_pb_lightbox_image\"><span class=\"et_pb_image_wrap\"><img loading=\"lazy\" decoding=\"async\" src=\"https:\/\/coolcircu.ppl24.cloud\/wp-content\/uploads\/2025\/12\/caffee_shop_01.jpg\" width=\"800\" height=\"794\" srcset=\"https:\/\/coolcircu.ppl24.cloud\/wp-content\/uploads\/2025\/12\/caffee_shop_01.jpg 800w, https:\/\/coolcircu.ppl24.cloud\/wp-content\/uploads\/2025\/12\/caffee_shop_01-480x476.jpg 480w\" sizes=\"(min-width: 0px) and (max-width: 480px) 480px, (min-width: 481px) 800px, 100vw\" class=\"wp-image-19\" title=\"caffee_shop_01\" \/><span class=\"et_overlay\"><\/span><\/span><\/a><\/div>\n<\/div>\n\n<div class=\"et_pb_column_12 et_pb_column et_pb_column_1_4 et_block_column et_pb_css_mix_blend_mode_passthrough\">\n<div class=\"et_pb_image_4 et_pb_image et_pb_has_overlay et_pb_module et_block_module\"><a href=\"https:\/\/coolcircu.ppl24.cloud\/wp-content\/uploads\/2025\/12\/caffee_shop_02.jpg\" class=\"et_pb_lightbox_image\"><span class=\"et_pb_image_wrap\"><img loading=\"lazy\" decoding=\"async\" src=\"https:\/\/coolcircu.ppl24.cloud\/wp-content\/uploads\/2025\/12\/caffee_shop_02.jpg\" width=\"800\" height=\"794\" srcset=\"https:\/\/coolcircu.ppl24.cloud\/wp-content\/uploads\/2025\/12\/caffee_shop_02.jpg 800w, https:\/\/coolcircu.ppl24.cloud\/wp-content\/uploads\/2025\/12\/caffee_shop_02-480x476.jpg 480w\" sizes=\"(min-width: 0px) and (max-width: 480px) 480px, (min-width: 481px) 800px, 100vw\" class=\"wp-image-20\" title=\"caffee_shop_02\" \/><span class=\"et_overlay\"><\/span><\/span><\/a><\/div>\n<\/div>\n\n<div class=\"et_pb_column_13 et_pb_column et_pb_column_1_4 et_block_column et_pb_css_mix_blend_mode_passthrough\">\n<div class=\"et_pb_image_5 et_pb_image et_pb_has_overlay et_pb_module et_block_module\"><a href=\"https:\/\/coolcircu.ppl24.cloud\/wp-content\/uploads\/2025\/12\/caffee_shop_03.jpg\" class=\"et_pb_lightbox_image\"><span class=\"et_pb_image_wrap\"><img loading=\"lazy\" decoding=\"async\" src=\"https:\/\/coolcircu.ppl24.cloud\/wp-content\/uploads\/2025\/12\/caffee_shop_03.jpg\" width=\"800\" height=\"794\" srcset=\"https:\/\/coolcircu.ppl24.cloud\/wp-content\/uploads\/2025\/12\/caffee_shop_03.jpg 800w, https:\/\/coolcircu.ppl24.cloud\/wp-content\/uploads\/2025\/12\/caffee_shop_03-480x476.jpg 480w\" sizes=\"(min-width: 0px) and (max-width: 480px) 480px, (min-width: 481px) 800px, 100vw\" class=\"wp-image-21\" title=\"caffee_shop_03\" \/><span class=\"et_overlay\"><\/span><\/span><\/a><\/div>\n<\/div>\n\n<div class=\"et_pb_column_14 et_pb_column et_pb_column_1_4 et-last-child et_block_column et_pb_css_mix_blend_mode_passthrough\">\n<div class=\"et_pb_image_6 et_pb_image et_pb_has_overlay et_pb_module et_block_module\"><a href=\"https:\/\/coolcircu.ppl24.cloud\/wp-content\/uploads\/2025\/12\/caffee_shop_04.jpg\" class=\"et_pb_lightbox_image\"><span class=\"et_pb_image_wrap\"><img loading=\"lazy\" decoding=\"async\" src=\"https:\/\/coolcircu.ppl24.cloud\/wp-content\/uploads\/2025\/12\/caffee_shop_04.jpg\" width=\"800\" height=\"794\" srcset=\"https:\/\/coolcircu.ppl24.cloud\/wp-content\/uploads\/2025\/12\/caffee_shop_04.jpg 800w, https:\/\/coolcircu.ppl24.cloud\/wp-content\/uploads\/2025\/12\/caffee_shop_04-480x476.jpg 480w\" sizes=\"(min-width: 0px) and (max-width: 480px) 480px, (min-width: 481px) 800px, 100vw\" class=\"wp-image-22\" title=\"caffee_shop_04\" \/><span class=\"et_overlay\"><\/span><\/span><\/a><\/div>\n<\/div>\n<\/div>\n\n<div class=\"et_pb_row_6 et_pb_row et_pb_gutters3 et_block_row\">\n<div class=\"et_pb_column_15 et_pb_column et_pb_column_4_4 et-last-child et_block_column et_pb_css_mix_blend_mode_passthrough\">\n<div class=\"et_pb_heading_7 et_pb_heading et_pb_module et_block_module preset--module--divi-heading--8554b199-899a-484d-b261-a1534f2d40ee\"><div class=\"et_pb_heading_container\"><h2 class=\"et_pb_module_header\">Follow Us<\/h2><\/div><\/div>\n\n<div class=\"et_pb_text_5 et_pb_text et_pb_bg_layout_light et_pb_module et_block_module preset--module--divi-text--6b14b1bc-07fa-4824-811f-f092887d002f\"><div class=\"et_pb_text_inner\"><h2><a href=\"#\">@divicoffeeshop<\/a><\/h2>\n<\/div><\/div>\n<\/div>\n<\/div>\n<\/div>\n\n<div class=\"et_pb_section_4 et_pb_section et_section_regular et_block_section\">\n<div class=\"et_pb_row_7 et_pb_row et_pb_gutters3 et_block_row\">\n<div class=\"et_pb_column_16 et_pb_column et_pb_column_4_4 et-last-child et_block_column et_pb_css_mix_blend_mode_passthrough\">\n<div class=\"et_pb_image_7 et_pb_image et_pb_module et_block_module\"><span class=\"et_pb_image_wrap\"><img loading=\"lazy\" decoding=\"async\" src=\"https:\/\/coolcircu.ppl24.cloud\/wp-content\/uploads\/2025\/12\/divi-logo-mark-white.png\" width=\"400\" height=\"400\" srcset=\"https:\/\/coolcircu.ppl24.cloud\/wp-content\/uploads\/2025\/12\/divi-logo-mark-white.png 400w, https:\/\/coolcircu.ppl24.cloud\/wp-content\/uploads\/2025\/12\/divi-logo-mark-white-300x300.png 300w, https:\/\/coolcircu.ppl24.cloud\/wp-content\/uploads\/2025\/12\/divi-logo-mark-white-150x150.png 150w\" sizes=\"(max-width: 400px) 100vw, 400px\" class=\"wp-image-23\" title=\"divi-logo-mark-white\" \/><\/span><\/div>\n\n<div class=\"et_pb_text_6 et_pb_text et_pb_bg_layout_dark et_pb_module et_block_module preset--module--divi-text--2a8c0f3e-8f09-45f2-869a-0a2ed9e891e6\"><div class=\"et_pb_text_inner\"><p><a href=\"#\">Menu<\/a><\/p>\n<\/div><\/div>\n\n<div class=\"et_pb_text_7 et_pb_text et_pb_bg_layout_dark et_pb_module et_block_module preset--module--divi-text--2a8c0f3e-8f09-45f2-869a-0a2ed9e891e6\"><div class=\"et_pb_text_inner\"><p><a href=\"#\">Order Online<\/a><\/p>\n<\/div><\/div>\n\n<div class=\"et_pb_text_8 et_pb_text et_pb_bg_layout_dark et_pb_module et_block_module preset--module--divi-text--2a8c0f3e-8f09-45f2-869a-0a2ed9e891e6\"><div class=\"et_pb_text_inner\"><p><a href=\"#\">Contact Us<\/a><\/p>\n<\/div><\/div>\n\n<div class=\"et_pb_text_9 et_pb_text et_pb_bg_layout_dark et_pb_module et_block_module preset--module--divi-text--2a8c0f3e-8f09-45f2-869a-0a2ed9e891e6\"><div class=\"et_pb_text_inner\"><p><a href=\"#\">About Divi<\/a><\/p>\n<\/div><\/div>\n<\/div>\n<\/div>\n\n<div class=\"et_pb_row_8 et_pb_row et_pb_row_4col et_pb_gutters3 et_block_row\">\n<div class=\"et_pb_column_17 et_pb_column et_pb_column_1_4 et_block_column et_pb_css_mix_blend_mode_passthrough\">\n<div class=\"et_pb_text_10 et_pb_text et_pb_bg_layout_light et_pb_module et_block_module preset--module--divi-text--a71cc9f2-eb1a-434a-a395-72c39b25eb3a\"><div class=\"et_pb_text_inner\"><p>1234 Divi St. #1000, SF, CA 94220<\/p>\n<\/div><\/div>\n<\/div>\n\n<div class=\"et_pb_column_18 et_pb_column et_pb_column_1_4 et_block_column et_pb_css_mix_blend_mode_passthrough\">\n<div class=\"et_pb_text_11 et_pb_text et_pb_bg_layout_light et_pb_module et_block_module preset--module--divi-text--a71cc9f2-eb1a-434a-a395-72c39b25eb3a\"><div class=\"et_pb_text_inner\"><p>(255) 352-6258<\/p>\n<\/div><\/div>\n<\/div>\n\n<div class=\"et_pb_column_19 et_pb_column et_pb_column_1_4 et_block_column et_pb_css_mix_blend_mode_passthrough\">\n<div class=\"et_pb_text_12 et_pb_text et_pb_bg_layout_light et_pb_module et_block_module preset--module--divi-text--a71cc9f2-eb1a-434a-a395-72c39b25eb3a\"><div class=\"et_pb_text_inner\"><p><a href=\"mailto:#\">hello@divicoffeeshop.com<\/a><\/p>\n<\/div><\/div>\n<\/div>\n\n<div class=\"et_pb_column_20 et_pb_column et_pb_column_1_4 et-last-child et_block_column et_pb_css_mix_blend_mode_passthrough\">\n<ul class=\"et_pb_social_media_follow_0 et_pb_social_media_follow clearfix et_pb_bg_layout_light et_pb_text_align_right et_pb_text_align_center-tablet et_pb_text_align_center-phone et_pb_module et_block_module\">\n<li class=\"et_pb_social_media_follow_network_0 et_pb_social_media_follow_network et_pb_social_icon et_pb_social_network_link et-social-facebook et_pb_module et_flex_module\"><a href=\"#\" class=\"icon\" target=\"_self\" title=\"Obserwuj na Facebook\" rel=\"noopener\"><span class=\"et_pb_social_media_follow_network_name\">Pod\u0105\u017ca\u0107<\/span><\/a><\/li>\n\n<li class=\"et_pb_social_media_follow_network_1 et_pb_social_media_follow_network et_pb_social_icon et_pb_social_network_link et-social-instagram et_pb_module et_flex_module\"><a href=\"#\" class=\"icon\" target=\"_self\" title=\"Obserwuj na Instagram\" rel=\"noopener\"><span class=\"et_pb_social_media_follow_network_name\">Pod\u0105\u017ca\u0107<\/span><\/a><\/li>\n\n<li class=\"et_pb_social_media_follow_network_2 et_pb_social_media_follow_network et_pb_social_icon et_pb_social_network_link et-social-twitter et_pb_module et_flex_module\"><a href=\"#\" class=\"icon\" target=\"_self\" title=\"Obserwuj na Twitter\" rel=\"noopener\"><span class=\"et_pb_social_media_follow_network_name\">Pod\u0105\u017ca\u0107<\/span><\/a><\/li>\n<\/ul>\n<\/div>\n<\/div>\n<\/div>","protected":false},"excerpt":{"rendered":"","protected":false},"author":1,"featured_media":0,"parent":0,"menu_order":0,"comment_status":"closed","ping_status":"closed","template":"","meta":{"footnotes":""},"class_list":["post-9","page","type-page","status-publish","hentry"],"_links":{"self":[{"href":"https:\/\/coolcircu.ppl24.cloud\/index.php\/wp-json\/wp\/v2\/pages\/9","targetHints":{"allow":["GET"]}}],"collection":[{"href":"https:\/\/coolcircu.ppl24.cloud\/index.php\/wp-json\/wp\/v2\/pages"}],"about":[{"href":"https:\/\/coolcircu.ppl24.cloud\/index.php\/wp-json\/wp\/v2\/types\/page"}],"author":[{"embeddable":true,"href":"https:\/\/coolcircu.ppl24.cloud\/index.php\/wp-json\/wp\/v2\/users\/1"}],"replies":[{"embeddable":true,"href":"https:\/\/coolcircu.ppl24.cloud\/index.php\/wp-json\/wp\/v2\/comments?post=9"}],"version-history":[{"count":5,"href":"https:\/\/coolcircu.ppl24.cloud\/index.php\/wp-json\/wp\/v2\/pages\/9\/revisions"}],"predecessor-version":[{"id":30,"href":"https:\/\/coolcircu.ppl24.cloud\/index.php\/wp-json\/wp\/v2\/pages\/9\/revisions\/30"}],"wp:attachment":[{"href":"https:\/\/coolcircu.ppl24.cloud\/index.php\/wp-json\/wp\/v2\/media?parent=9"}],"curies":[{"name":"wp","href":"https:\/\/api.w.org\/{rel}","templated":true}]}}